{"id":5682,"date":"2025-12-05T14:04:02","date_gmt":"2025-12-05T13:04:02","guid":{"rendered":"https:\/\/arete-ethik.ch\/history\/"},"modified":"2026-01-12T13:30:03","modified_gmt":"2026-01-12T12:30:03","slug":"history","status":"publish","type":"page","link":"https:\/\/arete-ethik.ch\/en\/history\/","title":{"rendered":"History"},"content":{"rendered":"\t\t<div data-elementor-type=\"wp-page\" data-elementor-id=\"5682\" class=\"elementor elementor-5682 elementor-3942\" data-elementor-post-type=\"page\">\n\t\t\t\t<div class=\"elementor-element elementor-element-3aa2004 ganzebreite pad-b-m e-con-full e-flex e-con e-parent\" data-id=\"3aa2004\" data-element_type=\"container\" data-e-type=\"container\" data-settings=\"{&quot;background_background&quot;:&quot;classic&quot;,&quot;jet_parallax_layout_list&quot;:[]}\">\n\t\t<div class=\"elementor-element elementor-element-6b852dd e-flex e-con-boxed e-con e-child\" data-id=\"6b852dd\" data-element_type=\"container\" data-e-type=\"container\" data-settings=\"{&quot;jet_parallax_layout_list&quot;:[]}\">\n\t\t\t\t\t<div class=\"e-con-inner\">\n\t\t\t\t<div class=\"elementor-element elementor-element-e3186b6 heroh1 elementor-widget elementor-widget-heading\" data-id=\"e3186b6\" data-element_type=\"widget\" data-e-type=\"widget\" data-widget_type=\"heading.default\">\n\t\t\t\t<div class=\"elementor-widget-container\">\n\t\t\t\t\t<h1 class=\"elementor-heading-title elementor-size-default\">History<\/h1>\t\t\t\t<\/div>\n\t\t\t\t<\/div>\n\t\t\t\t\t<\/div>\n\t\t\t\t<\/div>\n\t\t\t\t<\/div>\n\t\t<div class=\"elementor-element elementor-element-4f09f2b pad-t-m pad-b-l ganzebreite e-con-full e-flex e-con e-parent\" data-id=\"4f09f2b\" data-element_type=\"container\" data-e-type=\"container\" data-settings=\"{&quot;background_background&quot;:&quot;classic&quot;,&quot;jet_parallax_layout_list&quot;:[]}\">\n\t\t\t\t<div class=\"elementor-element elementor-element-2f04ef2 elementor-widget__width-initial webspatz-fade-in inhaltsbreite trennen elementor-widget elementor-widget-heading\" data-id=\"2f04ef2\" data-element_type=\"widget\" data-e-type=\"widget\" data-widget_type=\"heading.default\">\n\t\t\t\t<div class=\"elementor-widget-container\">\n\t\t\t\t\t<h2 class=\"elementor-heading-title elementor-size-default\">Preserve values.<\/h2>\t\t\t\t<\/div>\n\t\t\t\t<\/div>\n\t\t\t\t<div class=\"elementor-element elementor-element-a19a7d5 elementor-widget__width-initial inhaltsbreite elementor-widget elementor-widget-text-editor\" data-id=\"a19a7d5\" data-element_type=\"widget\" data-e-type=\"widget\" data-widget_type=\"text-editor.default\">\n\t\t\t\t<div class=\"elementor-widget-container\">\n\t\t\t\t\t\t\t\t\t<p>As an owner-managed asset management company, we think in long-term dimensions. Also for you as our client. After all, assets that have often been acquired over long periods of time should be preserved and passed on to future generations.  <\/p><p>Our highly motivated employees and a direct information chain ensure a high level of operational effectiveness and flexibility. This enables us to respond to customer requirements at lightning speed and implement them individually. Listening and understanding are the basis of every customer relationship. We take the time for detailed and comprehensive discussions and attach great importance to personal continuity in our advice.   <\/p><p>Thanks to our independence, we act free from corporate structures and product interests. This sharpens our focus on the essentials &#8211; especially when it comes to the sustainability of our investments. <\/p>\t\t\t\t\t\t\t\t<\/div>\n\t\t\t\t<\/div>\n\t\t\t\t<div class=\"elementor-element elementor-element-55a79d5 elementor-widget__width-initial webspatz-fade-in inhaltsbreite elementor-widget elementor-widget-heading\" data-id=\"55a79d5\" data-element_type=\"widget\" data-e-type=\"widget\" data-widget_type=\"heading.default\">\n\t\t\t\t<div class=\"elementor-widget-container\">\n\t\t\t\t\t<h3 class=\"elementor-heading-title elementor-size-default\">Key stages:<\/h3>\t\t\t\t<\/div>\n\t\t\t\t<\/div>\n\t\t<div class=\"elementor-element elementor-element-6b3859a pad-t-s e-flex e-con-boxed e-con e-child\" data-id=\"6b3859a\" data-element_type=\"container\" data-e-type=\"container\" data-settings=\"{&quot;jet_parallax_layout_list&quot;:[]}\">\n\t\t\t\t\t<div class=\"e-con-inner\">\n\t\t\t\t<div class=\"elementor-element elementor-element-eb862f9 elementor-widget__width-initial elementor-widget elementor-widget-jet-timeline\" data-id=\"eb862f9\" data-element_type=\"widget\" data-e-type=\"widget\" data-widget_type=\"jet-timeline.default\">\n\t\t\t\t<div class=\"elementor-widget-container\">\n\t\t\t\t\t<div class=\"elementor-jet-timeline jet-elements\"><div class=\"jet-timeline jet-timeline--align-center jet-timeline--align-middle\">\n\t<div class=\"jet-timeline__line\"><div class=\"jet-timeline__line-progress\"><\/div><\/div>\n\t<div class=\"jet-timeline-list\"><div class=\"jet-timeline-item  elementor-repeater-item-e1b0fd4 jet-timeline-item--image-inside\">\n\t<div class=\"timeline-item__card\">\n\t\t<div class=\"timeline-item__card-inner\">\n\t\t\t\t\t\t\t\t<div class=\"timeline-item__card-content\">\n\t\t\t\t\t<div class=\"timeline-item__meta\"><\/div><h5 class=\"timeline-item__card-title\">2024<\/h5><div class=\"timeline-item__card-desc\"><p>New strategic cooperation with Thurgauer Kantonalbank strengthens Arete in Switzerland. TKB acquires a minority stake. <\/p><\/div>\t\t\t\t<\/div>\n\t\t\t\t\t\t<\/div>\n\t\t<div class=\"timeline-item__card-arrow\"><\/div>\n\t<\/div>\n\t<div class=\"timeline-item__point\"><div class=\"timeline-item__point-content timeline-item__point-content--icon\"><span class=\"jet-elements-icon\"><svg xmlns=\"http:\/\/www.w3.org\/2000\/svg\" xmlns:i=\"http:\/\/ns.adobe.com\/AdobeIllustrator\/10.0\/\" id=\"Ebene_1\" viewBox=\"0 0 167 162\"><defs><style>      .st0 {        fill: #0c3a5e;      }    <\/style><\/defs><path class=\"st0\" d=\"M8.4,47.5C59.9,32.8,111.3,17.7,162.8,3.1c-15.5,42.3-31.1,84.6-46.7,126.9-3.7,9.7-6.9,19.5-10.8,29.1-3.5-29.7-6.9-59.4-10.1-89.1-.1-1.1-.4-2.2-.9-3.3-4.3-1.6-8.9-1.9-13.3-2.8-25.8-4.9-51.6-9.4-77.3-14.6,1.5-.7,3.1-1.3,4.7-1.7Z\"><\/path><metadata><\/metadata><\/svg><\/span><\/div><\/div><div class=\"timeline-item__meta\"><\/div><\/div><div class=\"jet-timeline-item  elementor-repeater-item-e03a033 jet-timeline-item--image-inside\">\n\t<div class=\"timeline-item__card\">\n\t\t<div class=\"timeline-item__card-inner\">\n\t\t\t\t\t\t\t\t<div class=\"timeline-item__card-content\">\n\t\t\t\t\t<div class=\"timeline-item__meta\"><\/div><h5 class=\"timeline-item__card-title\">2021<\/h5><div class=\"timeline-item__card-desc\"><p>By means of a management buy-out, the management and employees take the opportunity to set up the company completely independently. The company is renamed Arete Ethik Invest AG. <\/p><\/div>\t\t\t\t<\/div>\n\t\t\t\t\t\t<\/div>\n\t\t<div class=\"timeline-item__card-arrow\"><\/div>\n\t<\/div>\n\t<div class=\"timeline-item__point\"><div class=\"timeline-item__point-content timeline-item__point-content--icon\"><span class=\"jet-elements-icon\"><svg xmlns=\"http:\/\/www.w3.org\/2000\/svg\" xmlns:i=\"http:\/\/ns.adobe.com\/AdobeIllustrator\/10.0\/\" id=\"Ebene_1\" viewBox=\"0 0 167 162\"><defs><style>      .st0 {        fill: #0c3a5e;      }    <\/style><\/defs><path class=\"st0\" d=\"M8.4,47.5C59.9,32.8,111.3,17.7,162.8,3.1c-15.5,42.3-31.1,84.6-46.7,126.9-3.7,9.7-6.9,19.5-10.8,29.1-3.5-29.7-6.9-59.4-10.1-89.1-.1-1.1-.4-2.2-.9-3.3-4.3-1.6-8.9-1.9-13.3-2.8-25.8-4.9-51.6-9.4-77.3-14.6,1.5-.7,3.1-1.3,4.7-1.7Z\"><\/path><metadata><\/metadata><\/svg><\/span><\/div><\/div><div class=\"timeline-item__meta\"><\/div><\/div><div class=\"jet-timeline-item  elementor-repeater-item-db5a2d5 jet-timeline-item--image-inside\">\n\t<div class=\"timeline-item__card\">\n\t\t<div class=\"timeline-item__card-inner\">\n\t\t\t\t\t\t\t\t<div class=\"timeline-item__card-content\">\n\t\t\t\t\t<div class=\"timeline-item__meta\"><\/div><h5 class=\"timeline-item__card-title\">2010<\/h5><div class=\"timeline-item__card-desc\"><p>Hauck &amp; Aufh\u00e4user (Schweiz) AG bases its offering 100% on sustainable investment criteria<\/p><\/div>\t\t\t\t<\/div>\n\t\t\t\t\t\t<\/div>\n\t\t<div class=\"timeline-item__card-arrow\"><\/div>\n\t<\/div>\n\t<div class=\"timeline-item__point\"><div class=\"timeline-item__point-content timeline-item__point-content--icon\"><span class=\"jet-elements-icon\"><svg xmlns=\"http:\/\/www.w3.org\/2000\/svg\" xmlns:i=\"http:\/\/ns.adobe.com\/AdobeIllustrator\/10.0\/\" id=\"Ebene_1\" viewBox=\"0 0 167 162\"><defs><style>      .st0 {        fill: #0c3a5e;      }    <\/style><\/defs><path class=\"st0\" d=\"M8.4,47.5C59.9,32.8,111.3,17.7,162.8,3.1c-15.5,42.3-31.1,84.6-46.7,126.9-3.7,9.7-6.9,19.5-10.8,29.1-3.5-29.7-6.9-59.4-10.1-89.1-.1-1.1-.4-2.2-.9-3.3-4.3-1.6-8.9-1.9-13.3-2.8-25.8-4.9-51.6-9.4-77.3-14.6,1.5-.7,3.1-1.3,4.7-1.7Z\"><\/path><metadata><\/metadata><\/svg><\/span><\/div><\/div><div class=\"timeline-item__meta\"><\/div><\/div><div class=\"jet-timeline-item  elementor-repeater-item-e0e5b5b jet-timeline-item--image-inside\">\n\t<div class=\"timeline-item__card\">\n\t\t<div class=\"timeline-item__card-inner\">\n\t\t\t\t\t\t\t\t<div class=\"timeline-item__card-content\">\n\t\t\t\t\t<div class=\"timeline-item__meta\"><\/div><h5 class=\"timeline-item__card-title\">2009<\/h5><div class=\"timeline-item__card-desc\"><p>Hauck &amp; Aufh\u00e4user Privatbankiers acquires Dr. H\u00f6ller Verm\u00f6gensverwaltung AG and merges with existing subsidiary in Switzerland<\/p><\/div>\t\t\t\t<\/div>\n\t\t\t\t\t\t<\/div>\n\t\t<div class=\"timeline-item__card-arrow\"><\/div>\n\t<\/div>\n\t<div class=\"timeline-item__point\"><div class=\"timeline-item__point-content timeline-item__point-content--icon\"><span class=\"jet-elements-icon\"><svg xmlns=\"http:\/\/www.w3.org\/2000\/svg\" xmlns:i=\"http:\/\/ns.adobe.com\/AdobeIllustrator\/10.0\/\" id=\"Ebene_1\" viewBox=\"0 0 167 162\"><defs><style>      .st0 {        fill: #0c3a5e;      }    <\/style><\/defs><path class=\"st0\" d=\"M8.4,47.5C59.9,32.8,111.3,17.7,162.8,3.1c-15.5,42.3-31.1,84.6-46.7,126.9-3.7,9.7-6.9,19.5-10.8,29.1-3.5-29.7-6.9-59.4-10.1-89.1-.1-1.1-.4-2.2-.9-3.3-4.3-1.6-8.9-1.9-13.3-2.8-25.8-4.9-51.6-9.4-77.3-14.6,1.5-.7,3.1-1.3,4.7-1.7Z\"><\/path><metadata><\/metadata><\/svg><\/span><\/div><\/div><div class=\"timeline-item__meta\"><\/div><\/div><div class=\"jet-timeline-item  elementor-repeater-item-2405b43 jet-timeline-item--image-inside\">\n\t<div class=\"timeline-item__card\">\n\t\t<div class=\"timeline-item__card-inner\">\n\t\t\t\t\t\t\t\t<div class=\"timeline-item__card-content\">\n\t\t\t\t\t<div class=\"timeline-item__meta\"><\/div><h5 class=\"timeline-item__card-title\">1995<\/h5><div class=\"timeline-item__card-desc\"><p>Launch of PRIME VALUES ethical fund by Dr. H\u00f6ller Verm\u00f6gensverwaltung<\/p><\/div>\t\t\t\t<\/div>\n\t\t\t\t\t\t<\/div>\n\t\t<div class=\"timeline-item__card-arrow\"><\/div>\n\t<\/div>\n\t<div class=\"timeline-item__point\"><div class=\"timeline-item__point-content timeline-item__point-content--icon\"><span class=\"jet-elements-icon\"><svg xmlns=\"http:\/\/www.w3.org\/2000\/svg\" xmlns:i=\"http:\/\/ns.adobe.com\/AdobeIllustrator\/10.0\/\" id=\"Ebene_1\" viewBox=\"0 0 167 162\"><defs><style>      .st0 {        fill: #0c3a5e;      }    <\/style><\/defs><path class=\"st0\" d=\"M8.4,47.5C59.9,32.8,111.3,17.7,162.8,3.1c-15.5,42.3-31.1,84.6-46.7,126.9-3.7,9.7-6.9,19.5-10.8,29.1-3.5-29.7-6.9-59.4-10.1-89.1-.1-1.1-.4-2.2-.9-3.3-4.3-1.6-8.9-1.9-13.3-2.8-25.8-4.9-51.6-9.4-77.3-14.6,1.5-.7,3.1-1.3,4.7-1.7Z\"><\/path><metadata><\/metadata><\/svg><\/span><\/div><\/div><div class=\"timeline-item__meta\"><\/div><\/div><\/div><\/div><\/div>\t\t\t\t<\/div>\n\t\t\t\t<\/div>\n\t\t\t\t\t<\/div>\n\t\t\t\t<\/div>\n\t\t\t\t<div class=\"elementor-element elementor-element-202eb9f elementor-widget__width-initial webspatz-fade-in inhaltsbreite elementor-widget elementor-widget-heading\" data-id=\"202eb9f\" data-element_type=\"widget\" data-e-type=\"widget\" data-widget_type=\"heading.default\">\n\t\t\t\t<div class=\"elementor-widget-container\">\n\t\t\t\t\t<h3 class=\"elementor-heading-title elementor-size-default\">Our name defines our goal.\n<\/h3>\t\t\t\t<\/div>\n\t\t\t\t<\/div>\n\t\t\t\t<div class=\"elementor-element elementor-element-89c00fd elementor-widget__width-initial inhaltsbreite elementor-widget elementor-widget-text-editor\" data-id=\"89c00fd\" data-element_type=\"widget\" data-e-type=\"widget\" data-widget_type=\"text-editor.default\">\n\t\t\t\t<div class=\"elementor-widget-container\">\n\t\t\t\t\t\t\t\t\t<p>Regardless of whether we are acting on our own behalf or on your behalf &#8211; we set ourselves high goals. Our name is an expression of this. The ancient Greek word arete stands for virtue in philosophical contexts. In ancient Greek usage, &#8216;arete&#8217; meant someone who was capable of fulfilling their tasks. Things could also have &#8216;arete&#8217; if they worked particularly well. Arete&#8217; made both people and things excellent. In the totality of its meanings, arete thus combines central aspects of ethics with success. The word describes our ideals, our goals and our products. An investment that we recommend to you has arete in both respects: it has been selected according to virtuous aspects and it works excellently by increasing your wealth.        <\/p>\t\t\t\t\t\t\t\t<\/div>\n\t\t\t\t<\/div>\n\t\t\t\t<\/div>\n\t\t\t\t<\/div>\n\t\t","protected":false},"excerpt":{"rendered":"<p>History Preserve values. As an owner-managed asset management company, we think in long-term dimensions. Also for you as our client. After all, assets that have often been acquired over long periods of time should be preserved and passed on to future generations. Our highly motivated employees and a direct information chain ensure a high level [&hellip;]<\/p>\n","protected":false},"author":3,"featured_media":0,"parent":0,"menu_order":0,"comment_status":"closed","ping_status":"closed","template":"","meta":{"iawp_total_views":8,"footnotes":""},"class_list":["post-5682","page","type-page","status-publish","hentry"],"_links":{"self":[{"href":"https:\/\/arete-ethik.ch\/en\/wp-json\/wp\/v2\/pages\/5682","targetHints":{"allow":["GET"]}}],"collection":[{"href":"https:\/\/arete-ethik.ch\/en\/wp-json\/wp\/v2\/pages"}],"about":[{"href":"https:\/\/arete-ethik.ch\/en\/wp-json\/wp\/v2\/types\/page"}],"author":[{"embeddable":true,"href":"https:\/\/arete-ethik.ch\/en\/wp-json\/wp\/v2\/users\/3"}],"replies":[{"embeddable":true,"href":"https:\/\/arete-ethik.ch\/en\/wp-json\/wp\/v2\/comments?post=5682"}],"version-history":[{"count":2,"href":"https:\/\/arete-ethik.ch\/en\/wp-json\/wp\/v2\/pages\/5682\/revisions"}],"predecessor-version":[{"id":5684,"href":"https:\/\/arete-ethik.ch\/en\/wp-json\/wp\/v2\/pages\/5682\/revisions\/5684"}],"wp:attachment":[{"href":"https:\/\/arete-ethik.ch\/en\/wp-json\/wp\/v2\/media?parent=5682"}],"curies":[{"name":"wp","href":"https:\/\/api.w.org\/{rel}","templated":true}]}}